{"id":576,"date":"2022-02-11T12:58:22","date_gmt":"2022-02-11T11:58:22","guid":{"rendered":"http:\/\/141.24.24.29\/wordpress\/?page_id=576"},"modified":"2022-09-08T12:54:32","modified_gmt":"2022-09-08T10:54:32","slug":"presse","status":"publish","type":"page","link":"https:\/\/www.sonaro-projekt.de\/?page_id=576","title":{"rendered":"Presse"},"content":{"rendered":"\n<figure class=\"wp-block-table\"><table><tbody><tr><td><img loading=\"lazy\" decoding=\"async\" width=\"400\" height=\"860\" class=\"wp-image-624\" style=\"width: 400px;\" src=\"https:\/\/www.sonaro-projekt.de\/wp-content\/uploads\/2022\/09\/fw-2019-05-15-sonaro-projektstart-icon.jpg\" alt=\"\"><\/td><td><strong>Freies Wort, 15.05.19<\/strong><br><em><strong>Roboter lernen an der TU zuzupacken<\/strong><\/em><br>Die Technische Universit\u00e4t Ilmenau erforscht Techniken, mit denen Roboter in die Lage versetzt werden, Gegenst\u00e4nde von Menschen entgegenzunehmen und ihnen zu \u00fcbergeben. Eine Forschergruppe wird Assistenzroboter so f\u00fcr T\u00e4tigkeiten in der Industrie 4.0 und im Gesundheitswesen fit machen. Vergangene Woche trafen sich Vertreter der drei beteiligten Forschungseinrichtungen, des Unternehmensbeirats und der Th\u00fcringer Aufbaubank zum offiziellen Start des Projekts an der TU Ilmenau.<\/td><\/tr><tr><td><img decoding=\"async\" src=\"http:\/\/www.serroga.de\/data\/uploads\/icons\/arte-roboter-doku.png\" alt=\"\"><img loading=\"lazy\" decoding=\"async\" width=\"80\" height=\"120\" class=\"wp-image-623\" style=\"width: 80px;\" src=\"https:\/\/www.sonaro-projekt.de\/wp-content\/uploads\/2022\/09\/sonaro-pressemitteilung-2019-05-09-icon.jpg\" alt=\"\"><\/td><td><strong><a href=\"https:\/\/www.sonaro-projekt.de\/wp-content\/uploads\/2022\/09\/sonaro-pressemitteilung-2019-05-09.pdf\" data-type=\"attachment\" data-id=\"625\" target=\"_blank\" rel=\"noreferrer noopener\">Pressemitteilung 9.05.2019<\/a><\/strong><br><strong>Roboter lernen zuzupacken \u2013 TU Ilmenau startet Forschergruppe SONARO<\/strong><br>Die Technische Universit\u00e4t Ilmenau erforscht Techniken, mit denen Roboter in die Lage versetzt werden, Gegenst\u00e4nde von Menschen entgegenzunehmen und ihnen zu \u00fcbergeben. Eine Forschergruppe wird Assistenzroboter so f\u00fcr T\u00e4tigkeiten in der Industrie 4.0 und im Gesundheitswesen fit machen. Am 10. Mai treffen sich Vertreter der drei beteiligten Forschungseinrichtungen, des Unternehmensbeirats und der Th\u00fcringer Aufbaubank zum offiziellen Start des Projekts an der TU Ilmenau.<\/td><\/tr><\/tbody><\/table><\/figure>\n","protected":false},"excerpt":{"rendered":"<p>Freies Wort, 15.05.19Roboter lernen an der TU zuzupackenDie Technische Universit\u00e4t Ilmenau erforscht Techniken, mit denen Roboter in die Lage versetzt werden, Gegenst\u00e4nde von Menschen entgegenzunehmen und ihnen zu \u00fcbergeben. Eine Forschergruppe wird Assistenzroboter so f\u00fcr T\u00e4tigkeiten in der Industrie 4.0 und im Gesundheitswesen fit machen. Vergangene Woche trafen sich Vertreter der drei beteiligten Forschungseinrichtungen, des &#8230; <a title=\"Presse\" class=\"read-more\" href=\"https:\/\/www.sonaro-projekt.de\/?page_id=576\" aria-label=\"Mehr Informationen \u00fcber Presse\">Weiterlesen<\/a><\/p>\n","protected":false},"author":1,"featured_media":0,"parent":0,"menu_order":0,"comment_status":"closed","ping_status":"closed","template":"","meta":{"footnotes":""},"class_list":["post-576","page","type-page","status-publish"],"_links":{"self":[{"href":"https:\/\/www.sonaro-projekt.de\/index.php?rest_route=\/wp\/v2\/pages\/576","targetHints":{"allow":["GET"]}}],"collection":[{"href":"https:\/\/www.sonaro-projekt.de\/index.php?rest_route=\/wp\/v2\/pages"}],"about":[{"href":"https:\/\/www.sonaro-projekt.de\/index.php?rest_route=\/wp\/v2\/types\/page"}],"author":[{"embeddable":true,"href":"https:\/\/www.sonaro-projekt.de\/index.php?rest_route=\/wp\/v2\/users\/1"}],"replies":[{"embeddable":true,"href":"https:\/\/www.sonaro-projekt.de\/index.php?rest_route=%2Fwp%2Fv2%2Fcomments&post=576"}],"version-history":[{"count":8,"href":"https:\/\/www.sonaro-projekt.de\/index.php?rest_route=\/wp\/v2\/pages\/576\/revisions"}],"predecessor-version":[{"id":709,"href":"https:\/\/www.sonaro-projekt.de\/index.php?rest_route=\/wp\/v2\/pages\/576\/revisions\/709"}],"wp:attachment":[{"href":"https:\/\/www.sonaro-projekt.de\/index.php?rest_route=%2Fwp%2Fv2%2Fmedia&parent=576"}],"curies":[{"name":"wp","href":"https:\/\/api.w.org\/{rel}","templated":true}]}}