{"id":572,"date":"2022-02-11T12:54:27","date_gmt":"2022-02-11T11:54:27","guid":{"rendered":"http:\/\/141.24.24.29\/wordpress\/?page_id=572"},"modified":"2022-09-08T09:06:40","modified_gmt":"2022-09-08T07:06:40","slug":"diary","status":"publish","type":"page","link":"https:\/\/www.sonaro-projekt.de\/?page_id=572","title":{"rendered":"Diary"},"content":{"rendered":"\n<p><strong>2021<\/strong><\/p>\n\n\n\n<ul class=\"wp-block-list\"><li>31.12.2021 Projektende<\/li><li>24.11.2021 <a href=\"https:\/\/www.sonaro-projekt.de\/wp-content\/uploads\/2022\/09\/sonaro-2021-11-24-workshop6-praesentation.pdf\" data-type=\"attachment\" data-id=\"618\" target=\"_blank\" rel=\"noreferrer noopener\">Abschlussworkshop mit dem Beirat,der TAB und dem TMWWDG<\/a><\/li><li>17.11.2021 Pr\u00e4sentation auf dem <a rel=\"noreferrer noopener\" href=\"https:\/\/www.hs-schmalkalden.de\/hochschule\/fakultaeten\/fakultaet-elektrotechnik\/service-f-et\/alle-meldungen\/detail\/nachricht\/e-science-day-am-17112021.html\" target=\"_blank\">1. E-Science Day, Hochschule Schmalkalden, 2021<\/a><\/li><li>10.-11.11.2021 Pr\u00e4sentation auf der <a rel=\"noreferrer noopener\" href=\"https:\/\/www.werkzeug.org\/de\/veranstaltungen\/termin\/Werkzeugtagung-2021.html\" target=\"_blank\">14. Schmalkalder Werkzeugtagung<\/a>&nbsp; (<a href=\"https:\/\/www.sonaro-projekt.de\/wp-content\/uploads\/2022\/09\/sonaro-poster-werkzeugtagung-2021-11-10.pdf\" data-type=\"attachment\" data-id=\"614\" target=\"_blank\" rel=\"noreferrer noopener\">Poster<\/a>)<\/li><li>06.10.2021 Pr\u00e4sentation auf dem <a rel=\"noreferrer noopener\" href=\"https:\/\/www.cluster-thueringen.de\/de\/maschinenbautag\/\" target=\"_blank\">Th\u00fcringer Maschinenbautag 2021<\/a> (<a href=\"https:\/\/www.sonaro-projekt.de\/wp-content\/uploads\/2022\/09\/poster_sonaro_thzm_a0.pdf\" data-type=\"attachment\" data-id=\"616\" target=\"_blank\" rel=\"noreferrer noopener\">Poster<\/a>)<\/li><li>20.04.2021 <a href=\"https:\/\/www.sonaro-projekt.de\/wp-content\/uploads\/2022\/09\/sonaro-2021-04-20-workshop5-praesentationsfolien.pdf\" data-type=\"attachment\" data-id=\"619\">5.Workshop mit Beiratstreffen in Ilmenau<\/a><\/li><\/ul>\n\n\n\n<p><strong>2020<\/strong><\/p>\n\n\n\n<ul class=\"wp-block-list\"><li>28.10.2020 <a href=\"https:\/\/www.sonaro-projekt.de\/wp-content\/uploads\/2022\/09\/sonaro-2020-10-28-workshop4-praesentation_handreichung.pdf\" data-type=\"attachment\" data-id=\"617\" target=\"_blank\" rel=\"noreferrer noopener\">4.Workshop mit Beiratstreffen in Ilmenau<\/a><\/li><li>26.05.2020 <a href=\"https:\/\/www.sonaro-projekt.de\/wp-content\/uploads\/2022\/09\/sonaro-2020-05-26-workshop3-praesentation_gesamt_final.pdf\" data-type=\"attachment\" data-id=\"620\" target=\"_blank\" rel=\"noreferrer noopener\">3.Workshop mit Beiratstreffen in Ilmenau (Folien<\/a>)&nbsp;(<a href=\"https:\/\/www.sonaro-projekt.de\/wp-content\/uploads\/2022\/09\/sonaro-2020-05-26-agenda.pdf\" data-type=\"attachment\" data-id=\"621\" target=\"_blank\" rel=\"noreferrer noopener\">Agenda<\/a>)<\/li><\/ul>\n\n\n\n<p><strong>2019<\/strong><\/p>\n\n\n\n<ul class=\"wp-block-list\"><li>14.11.2019 <a rel=\"noreferrer noopener\" href=\"https:\/\/www.sonaro-projekt.de\/?page_id=683\" data-type=\"page\" data-id=\"683\" target=\"_blank\">Ankunft des Scitos-X3-Roboters<\/a><\/li><li>17.10.2019 <a rel=\"noreferrer noopener\" href=\"https:\/\/www.sonaro-projekt.de\/?page_id=689\" data-type=\"page\" data-id=\"689\" target=\"_blank\">Betriebsbesichtigung bei Henkel &amp; Roth<\/a>\u00a0<\/li><li>25.09.2019 2.Workshop mit Beiratstreffen in Ilmenau\u00a0(<a href=\"https:\/\/www.sonaro-projekt.de\/wp-content\/uploads\/2022\/09\/sonaro-2019-09-25-agenda-workshop-2-final.pdf\" data-type=\"attachment\" data-id=\"622\" target=\"_blank\" rel=\"noreferrer noopener\">Agenda<\/a>)<\/li><li>10.05.2019 <a href=\"https:\/\/www.sonaro-projekt.de\/?page_id=697\" data-type=\"page\" data-id=\"697\" target=\"_blank\" rel=\"noreferrer noopener\">Kick-off Meeting in Ilmenau<\/a>\u00a0 (<a href=\"https:\/\/www.sonaro-projekt.de\/wp-content\/uploads\/2022\/09\/sonaro-pressemitteilung-2019-05-09.pdf\" data-type=\"attachment\" data-id=\"625\" target=\"_blank\" rel=\"noreferrer noopener\">Pressemitteilung<\/a>)<\/li><li>08.04.2019 <a href=\"https:\/\/www.sonaro-projekt.de\/wp-content\/uploads\/2022\/09\/tiago-ankunft-2019-04-08-img_9775-scaled.jpg\" data-type=\"attachment\" data-id=\"612\" target=\"_blank\" rel=\"noreferrer noopener\">Ankunft des TIAGo-Roboters<\/a><\/li><li>01.04.2019 Projektstart<\/li><\/ul>\n\n\n\n<p><\/p>\n","protected":false},"excerpt":{"rendered":"<p>2021 31.12.2021 Projektende 24.11.2021 Abschlussworkshop mit dem Beirat,der TAB und dem TMWWDG 17.11.2021 Pr\u00e4sentation auf dem 1. E-Science Day, Hochschule Schmalkalden, 2021 10.-11.11.2021 Pr\u00e4sentation auf der 14. Schmalkalder Werkzeugtagung&nbsp; (Poster) 06.10.2021 Pr\u00e4sentation auf dem Th\u00fcringer Maschinenbautag 2021 (Poster) 20.04.2021 5.Workshop mit Beiratstreffen in Ilmenau 2020 28.10.2020 4.Workshop mit Beiratstreffen in Ilmenau 26.05.2020 3.Workshop mit Beiratstreffen &#8230; <a title=\"Diary\" class=\"read-more\" href=\"https:\/\/www.sonaro-projekt.de\/?page_id=572\" aria-label=\"Mehr Informationen \u00fcber Diary\">Weiterlesen<\/a><\/p>\n","protected":false},"author":1,"featured_media":0,"parent":0,"menu_order":0,"comment_status":"closed","ping_status":"closed","template":"","meta":{"footnotes":""},"class_list":["post-572","page","type-page","status-publish"],"_links":{"self":[{"href":"https:\/\/www.sonaro-projekt.de\/index.php?rest_route=\/wp\/v2\/pages\/572","targetHints":{"allow":["GET"]}}],"collection":[{"href":"https:\/\/www.sonaro-projekt.de\/index.php?rest_route=\/wp\/v2\/pages"}],"about":[{"href":"https:\/\/www.sonaro-projekt.de\/index.php?rest_route=\/wp\/v2\/types\/page"}],"author":[{"embeddable":true,"href":"https:\/\/www.sonaro-projekt.de\/index.php?rest_route=\/wp\/v2\/users\/1"}],"replies":[{"embeddable":true,"href":"https:\/\/www.sonaro-projekt.de\/index.php?rest_route=%2Fwp%2Fv2%2Fcomments&post=572"}],"version-history":[{"count":18,"href":"https:\/\/www.sonaro-projekt.de\/index.php?rest_route=\/wp\/v2\/pages\/572\/revisions"}],"predecessor-version":[{"id":702,"href":"https:\/\/www.sonaro-projekt.de\/index.php?rest_route=\/wp\/v2\/pages\/572\/revisions\/702"}],"wp:attachment":[{"href":"https:\/\/www.sonaro-projekt.de\/index.php?rest_route=%2Fwp%2Fv2%2Fmedia&parent=572"}],"curies":[{"name":"wp","href":"https:\/\/api.w.org\/{rel}","templated":true}]}}