{"id":430,"date":"2022-02-09T16:01:53","date_gmt":"2022-02-09T15:01:53","guid":{"rendered":"http:\/\/141.24.24.29\/wordpress\/?page_id=430"},"modified":"2022-09-07T12:23:53","modified_gmt":"2022-09-07T10:23:53","slug":"fakten","status":"publish","type":"page","link":"https:\/\/www.sonaro-projekt.de\/?page_id=430","title":{"rendered":"Fakten"},"content":{"rendered":"\n<p><strong>Titel:<\/strong>  SONARO- <strong>S<\/strong>marte <strong>O<\/strong>bjekt\u00fcbernahme und \u2013\u00fcbergabe \u00a0f\u00fcr die <strong>n<\/strong>utzerzentrierte mobile<strong> A<\/strong>ssistenz<strong>ro<\/strong>botik<\/p>\n\n\n\n<p><strong>Dauer:<\/strong>  01.04.2019 &#8211; 31.12.2021<\/p>\n\n\n\n<p><strong>F\u00f6rderung:<\/strong>  Gef\u00f6rdert durch den Freistaat Th\u00fcringen aus Mitteln des Europ\u00e4ischen Sozialfonds (ESF) im Rahmen des <a rel=\"noreferrer noopener\" href=\"https:\/\/www.cluster-thueringen.de\/aktuelles\/forschergruppen\/\" target=\"_blank\">Th\u00fcringer Cluster Managements (ThCM)<\/a><\/p>\n\n\n\n<p><strong>Steckbrief:<\/strong>  SONARO <a rel=\"noreferrer noopener\" href=\"https:\/\/www.cluster-thueringen.de\/fileadmin\/thcm\/pdf\/forschergruppen\/prosys\/fgs_20.pdf\" target=\"_blank\">Forschergruppen-Steckbrief<\/a><\/p>\n\n\n\n<p><strong>Antragsteller:<\/strong>   <a rel=\"noreferrer noopener\" href=\"http:\/\/www.maschinenbau-thueringen.de\/\" target=\"_blank\">Th\u00fcringer Zentrum f\u00fcr Maschinenbau<\/a>\u00a0 (ThZM)\u00a0  <\/p>\n\n\n\n<p><strong>Koordinator:<\/strong>  <a rel=\"noreferrer noopener\" href=\"https:\/\/www.tu-ilmenau.de\/universitaet\/fakultaeten\/fakultaet-informatik-und-automatisierung\/profil\/institute-und-fachgebiete\/institut-fuer-technische-informatik-und-ingenieurinformatik\/fachgebiet-neuroinformatik-und-kognitive-robotik\/team\/mitarbeiter\/prof-dr-horst-michael-gross\" target=\"_blank\">Prof. Horst-Michael Gro\u00df (TU Ilmenau)<\/a><\/p>\n\n\n\n<p><strong>Projektpartner:<\/strong><\/p>\n\n\n\n<ul class=\"wp-block-list\"><li>TU Ilmenau, <a rel=\"noreferrer noopener\" href=\"http:\/\/www.tu-ilmenau.de\/neurob\" target=\"_blank\">FG Neuroinformatik und Kognitive Robotik<\/a> (Prof. Horst-Michael Gro\u00df, Dr. Steffen M\u00fcller)<\/li><li>TU Ilmenau, <a rel=\"noreferrer noopener\" href=\"https:\/\/www.tu-ilmenau.de\/qualitaetssicherung\/\" target=\"_blank\">FG Qualit\u00e4tssicherung und Industrielle Bildverarbeitung<\/a> (Prof. Gunther Notni)\u00a0<\/li><li>Hochschule Schmalkalden, <a rel=\"noreferrer noopener\" href=\"https:\/\/www.hs-schmalkalden.de\/hochschule\/fakultaeten\/fakultaet-elektrotechnik\/forschung-f-et\/diagnosesysteme.html\" target=\"_blank\">FG Eingebettete Diagnosesysteme<\/a> (Prof. Andreas\u00a0Wenzel)<\/li><li><a rel=\"noreferrer noopener\" href=\"http:\/\/www.gfe-net.de\" target=\"_blank\">Gesellschaft f\u00fcr Fertigungstechnik und Entwicklung Schmalkalden e.V.<\/a> (Prof. Frank Barthelm\u00e4)<\/li><\/ul>\n\n\n\n<hr class=\"wp-block-separator has-alpha-channel-opacity\"\/>\n\n\n\n<div class=\"wp-block-columns is-layout-flex wp-container-core-columns-is-layout-9d6595d7 wp-block-columns-is-layout-flex\">\n<div class=\"wp-block-column is-layout-flow wp-block-column-is-layout-flow\"><div class=\"wp-block-image\">\n<figure class=\"alignright size-full\"><img loading=\"lazy\" decoding=\"async\" width=\"232\" height=\"93\" src=\"http:\/\/141.24.24.29\/wordpress\/wp-content\/uploads\/2022\/09\/thzm-logo.png\" alt=\"\" class=\"wp-image-603\"\/><\/figure>\n<\/div><\/div>\n\n\n\n<div class=\"wp-block-column is-layout-flow wp-block-column-is-layout-flow\">\n<figure class=\"wp-block-image size-large is-resized\"><img loading=\"lazy\" decoding=\"async\" src=\"http:\/\/141.24.24.29\/wordpress\/wp-content\/uploads\/2022\/09\/esf-eu-logo-englisch-rgb-1024x307.jpg\" alt=\"\" class=\"wp-image-601\" width=\"512\" height=\"154\" srcset=\"https:\/\/www.sonaro-projekt.de\/wp-content\/uploads\/2022\/09\/esf-eu-logo-englisch-rgb-1024x307.jpg 1024w, https:\/\/www.sonaro-projekt.de\/wp-content\/uploads\/2022\/09\/esf-eu-logo-englisch-rgb-300x90.jpg 300w, https:\/\/www.sonaro-projekt.de\/wp-content\/uploads\/2022\/09\/esf-eu-logo-englisch-rgb-768x230.jpg 768w, https:\/\/www.sonaro-projekt.de\/wp-content\/uploads\/2022\/09\/esf-eu-logo-englisch-rgb.jpg 1242w\" sizes=\"auto, (max-width: 512px) 100vw, 512px\" \/><\/figure>\n<\/div>\n<\/div>\n","protected":false},"excerpt":{"rendered":"<p>Titel: SONARO- Smarte Objekt\u00fcbernahme und \u2013\u00fcbergabe \u00a0f\u00fcr die nutzerzentrierte mobile Assistenzrobotik Dauer: 01.04.2019 &#8211; 31.12.2021 F\u00f6rderung: Gef\u00f6rdert durch den Freistaat Th\u00fcringen aus Mitteln des Europ\u00e4ischen Sozialfonds (ESF) im Rahmen des Th\u00fcringer Cluster Managements (ThCM) Steckbrief: SONARO Forschergruppen-Steckbrief Antragsteller: Th\u00fcringer Zentrum f\u00fcr Maschinenbau\u00a0 (ThZM)\u00a0 Koordinator: Prof. Horst-Michael Gro\u00df (TU Ilmenau) Projektpartner: TU Ilmenau, FG Neuroinformatik und &#8230; <a title=\"Fakten\" class=\"read-more\" href=\"https:\/\/www.sonaro-projekt.de\/?page_id=430\" aria-label=\"Mehr Informationen \u00fcber Fakten\">Weiterlesen<\/a><\/p>\n","protected":false},"author":1,"featured_media":0,"parent":0,"menu_order":0,"comment_status":"closed","ping_status":"closed","template":"","meta":{"footnotes":""},"class_list":["post-430","page","type-page","status-publish"],"_links":{"self":[{"href":"https:\/\/www.sonaro-projekt.de\/index.php?rest_route=\/wp\/v2\/pages\/430","targetHints":{"allow":["GET"]}}],"collection":[{"href":"https:\/\/www.sonaro-projekt.de\/index.php?rest_route=\/wp\/v2\/pages"}],"about":[{"href":"https:\/\/www.sonaro-projekt.de\/index.php?rest_route=\/wp\/v2\/types\/page"}],"author":[{"embeddable":true,"href":"https:\/\/www.sonaro-projekt.de\/index.php?rest_route=\/wp\/v2\/users\/1"}],"replies":[{"embeddable":true,"href":"https:\/\/www.sonaro-projekt.de\/index.php?rest_route=%2Fwp%2Fv2%2Fcomments&post=430"}],"version-history":[{"count":13,"href":"https:\/\/www.sonaro-projekt.de\/index.php?rest_route=\/wp\/v2\/pages\/430\/revisions"}],"predecessor-version":[{"id":645,"href":"https:\/\/www.sonaro-projekt.de\/index.php?rest_route=\/wp\/v2\/pages\/430\/revisions\/645"}],"wp:attachment":[{"href":"https:\/\/www.sonaro-projekt.de\/index.php?rest_route=%2Fwp%2Fv2%2Fmedia&parent=430"}],"curies":[{"name":"wp","href":"https:\/\/api.w.org\/{rel}","templated":true}]}}